{"id":26517,"date":"2025-07-31T12:44:44","date_gmt":"2025-07-31T12:44:44","guid":{"rendered":"https:\/\/ridewithsiam.com\/?page_id=26517"},"modified":"2025-08-18T14:46:38","modified_gmt":"2025-08-18T14:46:38","slug":"contacto","status":"publish","type":"page","link":"https:\/\/ridewithsiam.com\/en\/contacto\/","title":{"rendered":"Contact"},"content":{"rendered":"<div data-elementor-type=\"wp-page\" data-elementor-id=\"26517\" class=\"elementor elementor-26517\">\n\t\t\t\t\t\t<section class=\"elementor-section elementor-top-section elementor-element elementor-element-8148d97 elementor-section-boxed elementor-section-height-default elementor-section-height-default sc_fly_static\" data-id=\"8148d97\" data-element_type=\"section\" data-settings=\"{&quot;background_background&quot;:&quot;classic&quot;}\">\n\t\t\t\t\t\t<div class=\"elementor-container elementor-column-gap-extended\">\n\t\t\t\t\t<div class=\"elementor-column elementor-col-100 elementor-top-column elementor-element elementor-element-e03c227 sc_content_align_inherit sc_layouts_column_icons_position_left sc_fly_static\" data-id=\"e03c227\" data-element_type=\"column\">\n\t\t\t<div class=\"elementor-widget-wrap elementor-element-populated\">\n\t\t\t\t\t\t<div class=\"elementor-element elementor-element-fcfb0eb sc_fly_static elementor-widget elementor-widget-heading\" data-id=\"fcfb0eb\" data-element_type=\"widget\" data-widget_type=\"heading.default\">\n\t\t\t\t<div class=\"elementor-widget-container\">\n\t\t\t\t\t<h1 class=\"elementor-heading-title elementor-size-default\">Contact<\/h1>\t\t\t\t<\/div>\n\t\t\t\t<\/div>\n\t\t\t\t\t<\/div>\n\t\t<\/div>\n\t\t\t\t\t<\/div>\n\t\t<\/section>\n\t\t\t\t<section class=\"elementor-section elementor-top-section elementor-element elementor-element-da85673 elementor-section-boxed elementor-section-height-default elementor-section-height-default sc_fly_static\" data-id=\"da85673\" data-element_type=\"section\">\n\t\t\t\t\t\t<div class=\"elementor-container elementor-column-gap-extended\">\n\t\t\t\t\t<div class=\"elementor-column elementor-col-100 elementor-top-column elementor-element elementor-element-297fd8e sc_content_align_inherit sc_layouts_column_icons_position_left sc_fly_static\" data-id=\"297fd8e\" data-element_type=\"column\">\n\t\t\t<div class=\"elementor-widget-wrap elementor-element-populated\">\n\t\t\t\t\t\t<div class=\"elementor-element elementor-element-0fd61bf sc_height_huge sc_fly_static elementor-widget elementor-widget-spacer\" data-id=\"0fd61bf\" data-element_type=\"widget\" data-widget_type=\"spacer.default\">\n\t\t\t\t<div class=\"elementor-widget-container\">\n\t\t\t\t\t\t\t<div class=\"elementor-spacer\">\n\t\t\t<div class=\"elementor-spacer-inner\"><\/div>\n\t\t<\/div>\n\t\t\t\t\t\t<\/div>\n\t\t\t\t<\/div>\n\t\t\t\t<div class=\"elementor-element elementor-element-8b2eff5 sc_layouts_hide_on_mobile sc_fly_static elementor-widget elementor-widget-spacer\" data-id=\"8b2eff5\" data-element_type=\"widget\" data-widget_type=\"spacer.default\">\n\t\t\t\t<div class=\"elementor-widget-container\">\n\t\t\t\t\t\t\t<div class=\"elementor-spacer\">\n\t\t\t<div class=\"elementor-spacer-inner\"><\/div>\n\t\t<\/div>\n\t\t\t\t\t\t<\/div>\n\t\t\t\t<\/div>\n\t\t\t\t<div class=\"elementor-element elementor-element-d7da74a sc_fly_static elementor-widget elementor-widget-trx_sc_icons\" data-id=\"d7da74a\" data-element_type=\"widget\" data-widget_type=\"trx_sc_icons.default\">\n\t\t\t\t<div class=\"elementor-widget-container\">\n\t\t\t\t\t<div \tclass=\"sc_icons sc_icons_plain sc_icons_size_small sc_align_center\" ><div class=\"sc_icons_columns_wrap sc_item_columns trx_addons_columns_wrap columns_padding_bottom columns_in_single_row\" ><div class=\"trx_addons_column-1_3\"><div class=\"sc_icons_item\"><div class=\"sc_icons_icon sc_icon_type_ icon-wall-clock\" ><span class=\"sc_icon_type_ icon-wall-clock\"><\/span><\/div><div class=\"sc_icons_item_details\"><h4 class=\"sc_icons_item_title\"><span>OPENING HOURS<\/span><\/h4><div class=\"sc_icons_item_description\"><span>OPEN ALL YEAR<\/span><\/div><\/div><\/div><\/div><div class=\"trx_addons_column-1_3\"><div class=\"sc_icons_item\"><div class=\"sc_icons_icon sc_icon_type_ icon-location-alt\" ><span class=\"sc_icon_type_ icon-location-alt\"><\/span><\/div><div class=\"sc_icons_item_details\"><h4 class=\"sc_icons_item_title\"><span>ADDRESS<\/span><\/h4><div class=\"sc_icons_item_description\"><span>Fuerteventura<\/span><\/div><\/div><\/div><\/div><div class=\"trx_addons_column-1_3\"><div class=\"sc_icons_item\"><div class=\"sc_icons_icon sc_icon_type_ icon-call-1\" ><span class=\"sc_icon_type_ icon-call-1\"><\/span><\/div><div class=\"sc_icons_item_details\"><h4 class=\"sc_icons_item_title\"><span>CONTACT<\/span><\/h4><div class=\"sc_icons_item_description\"><span>Phone: <a href=\"tel:+34 610 80 23 81\">+34 610 80 23 81<\/a><\/span><span>Mail: <a href=\"mailto:siampoul1@gmail.com\">siampoul1@gmail.com<\/a><\/span><\/div><\/div><\/div><\/div><\/div><\/div><!-- \/.sc_icons -->\t\t\t\t<\/div>\n\t\t\t\t<\/div>\n\t\t\t\t<div class=\"elementor-element elementor-element-333cbad sc_layouts_hide_on_mobile sc_fly_static elementor-widget elementor-widget-spacer\" data-id=\"333cbad\" data-element_type=\"widget\" data-widget_type=\"spacer.default\">\n\t\t\t\t<div class=\"elementor-widget-container\">\n\t\t\t\t\t\t\t<div class=\"elementor-spacer\">\n\t\t\t<div class=\"elementor-spacer-inner\"><\/div>\n\t\t<\/div>\n\t\t\t\t\t\t<\/div>\n\t\t\t\t<\/div>\n\t\t\t\t<div class=\"elementor-element elementor-element-19d1a7f sc_height_huge sc_fly_static elementor-widget elementor-widget-spacer\" data-id=\"19d1a7f\" data-element_type=\"widget\" data-widget_type=\"spacer.default\">\n\t\t\t\t<div class=\"elementor-widget-container\">\n\t\t\t\t\t\t\t<div class=\"elementor-spacer\">\n\t\t\t<div class=\"elementor-spacer-inner\"><\/div>\n\t\t<\/div>\n\t\t\t\t\t\t<\/div>\n\t\t\t\t<\/div>\n\t\t\t\t\t<\/div>\n\t\t<\/div>\n\t\t\t\t\t<\/div>\n\t\t<\/section>\n\t\t\t\t<section class=\"elementor-section elementor-top-section elementor-element elementor-element-f5475bd elementor-section-full_width elementor-section-content-middle elementor-section-height-default elementor-section-height-default sc_fly_static\" data-id=\"f5475bd\" data-element_type=\"section\">\n\t\t\t\t\t\t<div class=\"elementor-container elementor-column-gap-no\">\n\t\t\t\t\t<div class=\"elementor-column elementor-col-50 elementor-top-column elementor-element elementor-element-8ff5a44 sc_content_align_inherit sc_layouts_column_icons_position_left sc_fly_static\" data-id=\"8ff5a44\" data-element_type=\"column\">\n\t\t\t<div class=\"elementor-widget-wrap elementor-element-populated\">\n\t\t\t\t\t\t<div class=\"elementor-element elementor-element-34f2029 sc_fly_static elementor-widget elementor-widget-trx_sc_googlemap\" data-id=\"34f2029\" data-element_type=\"widget\" data-widget_type=\"trx_sc_googlemap.default\">\n\t\t\t\t<div class=\"elementor-widget-container\">\n\t\t\t\t\t<div id=\"sc_googlemap_1850817269_wrap\" class=\"sc_googlemap_wrap\"><div id=\"sc_googlemap_1850817269\"\t\t\tclass=\"sc_item_content sc_map sc_googlemap sc_googlemap_default trx_addons_inline_158511885\"\n\t\t\t \t\t\tdata-zoom=\"9\"\n\t\t\tdata-center=\"\"\n\t\t\tdata-style=\"alter-grey\"\n\t\t\tdata-map-id=\"\"\n\t\t\tdata-cluster-icon=\"\"\n\t\t\t><iframe\n\t\t\t\t\t\tsrc=\"https:\/\/maps.google.com\/maps?t=m&output=embed&iwloc=near&z=9&q=Furteventura\"\n\t\t\t\t\t\taria-label=\"One\"><\/iframe><\/div><\/div>\t\t\t\t<\/div>\n\t\t\t\t<\/div>\n\t\t\t\t\t<\/div>\n\t\t<\/div>\n\t\t\t\t<div class=\"elementor-column elementor-col-50 elementor-top-column elementor-element elementor-element-95e0b05 sc_content_align_inherit sc_layouts_column_icons_position_left sc_fly_static\" data-id=\"95e0b05\" data-element_type=\"column\">\n\t\t\t<div class=\"elementor-widget-wrap elementor-element-populated\">\n\t\t\t\t\t\t<div class=\"elementor-element elementor-element-87ade44 sc_height_tiny sc_layouts_hide_on_tablet sc_layouts_hide_on_mobile sc_fly_static elementor-widget elementor-widget-spacer\" data-id=\"87ade44\" data-element_type=\"widget\" data-widget_type=\"spacer.default\">\n\t\t\t\t<div class=\"elementor-widget-container\">\n\t\t\t\t\t\t\t<div class=\"elementor-spacer\">\n\t\t\t<div class=\"elementor-spacer-inner\"><\/div>\n\t\t<\/div>\n\t\t\t\t\t\t<\/div>\n\t\t\t\t<\/div>\n\t\t\t\t<div class=\"elementor-element elementor-element-b25c694 sc_height_huge sc_layouts_hide_on_wide sc_layouts_hide_on_desktop sc_layouts_hide_on_notebook sc_fly_static elementor-widget elementor-widget-spacer\" data-id=\"b25c694\" data-element_type=\"widget\" data-widget_type=\"spacer.default\">\n\t\t\t\t<div class=\"elementor-widget-container\">\n\t\t\t\t\t\t\t<div class=\"elementor-spacer\">\n\t\t\t<div class=\"elementor-spacer-inner\"><\/div>\n\t\t<\/div>\n\t\t\t\t\t\t<\/div>\n\t\t\t\t<\/div>\n\t\t\t\t<div class=\"elementor-element elementor-element-56961ec sc_fly_static elementor-widget elementor-widget-trx_sc_title\" data-id=\"56961ec\" data-element_type=\"widget\" data-widget_type=\"trx_sc_title.default\">\n\t\t\t\t<div class=\"elementor-widget-container\">\n\t\t\t\t\t<div\t\tclass=\"sc_title sc_title_default\" ><span class=\"sc_item_subtitle sc_title_subtitle sc_item_subtitle_above sc_item_title_style_default\">Contact<\/span><h2 class=\"sc_item_title sc_title_title sc_item_title_style_default\"\n\t\t\t><span class=\"sc_item_title_text\">Ready to fly with me?<\/span><\/h2><\/div>\t\t\t\t<\/div>\n\t\t\t\t<\/div>\n\t\t\t\t<div class=\"elementor-element elementor-element-9ecf46f sc_fly_static elementor-widget elementor-widget-spacer\" data-id=\"9ecf46f\" data-element_type=\"widget\" data-widget_type=\"spacer.default\">\n\t\t\t\t<div class=\"elementor-widget-container\">\n\t\t\t\t\t\t\t<div class=\"elementor-spacer\">\n\t\t\t<div class=\"elementor-spacer-inner\"><\/div>\n\t\t<\/div>\n\t\t\t\t\t\t<\/div>\n\t\t\t\t<\/div>\n\t\t\t\t<div class=\"elementor-element elementor-element-44b538e sc_fly_static elementor-widget elementor-widget-shortcode\" data-id=\"44b538e\" data-element_type=\"widget\" data-widget_type=\"shortcode.default\">\n\t\t\t\t<div class=\"elementor-widget-container\">\n\t\t\t\t\t\t\t<div class=\"elementor-shortcode\"><div class=\"forminator-ui forminator-custom-form forminator-custom-form-26528 forminator-design--material  forminator_ajax\" data-forminator-render=\"0\" data-form=\"forminator-module-26528\" data-uid=\"69da51632e691\"><br\/><\/div><form\n\t\t\t\tid=\"forminator-module-26528\"\n\t\t\t\tclass=\"forminator-ui forminator-custom-form forminator-custom-form-26528 forminator-design--material  forminator_ajax\"\n\t\t\t\tmethod=\"post\"\n\t\t\t\tdata-forminator-render=\"0\"\n\t\t\t\tdata-form-id=\"26528\"\n\t\t\t\t data-color-option=\"theme\" data-design=\"material\" data-grid=\"open\" style=\"display: none;\"\n\t\t\t\tdata-uid=\"69da51632e691\" action=\"\"\n\t\t\t><div role=\"alert\" aria-live=\"polite\" class=\"forminator-response-message forminator-error\" aria-hidden=\"true\"><\/div><div class=\"forminator-row\"><div id=\"name-1\" class=\"forminator-field-name forminator-col forminator-col-12\"><div class=\"forminator-field\"><input type=\"text\" name=\"name-1\" value=\"\" placeholder=\"First &amp; Last Name\" id=\"forminator-field-name-1_69da51632e691\" class=\"forminator-input forminator-name--field\" aria-required=\"true\" autocomplete=\"name\" \/><\/div><\/div><\/div><div class=\"forminator-row\"><div id=\"email-1\" class=\"forminator-field-email forminator-col forminator-col-12\"><div class=\"forminator-field\"><input type=\"email\" name=\"email-1\" value=\"\" placeholder=\"Email\" id=\"forminator-field-email-1_69da51632e691\" class=\"forminator-input forminator-email--field\" data-required=\"true\" aria-required=\"true\" autocomplete=\"email\" \/><\/div><\/div><\/div><div class=\"forminator-row\"><div id=\"phone-1\" class=\"forminator-field-phone forminator-col forminator-col-12\"><div class=\"forminator-field\"><input type=\"text\" name=\"phone-1\" value=\"\" placeholder=\"Phone\" id=\"forminator-field-phone-1_69da51632e691\" class=\"forminator-input forminator-field--phone\" data-required=\"\" aria-required=\"false\" autocomplete=\"off\" \/><\/div><\/div><\/div><div class=\"forminator-row\"><div id=\"textarea-1\" class=\"forminator-field-textarea forminator-col forminator-col-12\"><div class=\"forminator-field\"><span id=\"forminator-field-textarea-1_69da51632e691-description\" class=\"forminator-description\"><span data-limit=\"180\" data-type=\"characters\" data-editor=\"\">0 \/ 180<\/span><\/span><textarea name=\"textarea-1\" placeholder=\"\" id=\"forminator-field-textarea-1_69da51632e691\" class=\"forminator-textarea\" rows=\"6\" style=\"min-height:140px;\" maxlength=\"180\" >Mensaje<\/textarea><\/div><\/div><\/div><div class=\"forminator-row\"><div id=\"captcha-1\" class=\"forminator-field-captcha forminator-col forminator-col-12\"><div class=\"forminator-captcha-left forminator-g-recaptcha\" data-theme=\"light\"  data-sitekey=\"6LeQAaQrAAAAABQ5CNA29s0SfdDt9Ebc2Ay39V9V\" data-size=\"normal\"><\/div> <\/div><\/div><input type=\"hidden\" name=\"referer_url\" value=\"\" \/><div class=\"forminator-row forminator-row-last\"><div class=\"forminator-col\"><div class=\"forminator-field\"><button class=\"forminator-button forminator-button-submit\"><span>SEND<\/span><span aria-hidden=\"true\"><\/span><\/button><\/div><\/div><\/div><input type=\"hidden\" id=\"forminator_nonce\" name=\"forminator_nonce\" value=\"76a57d6af9\" \/><input type=\"hidden\" name=\"_wp_http_referer\" value=\"\/en\/wp-json\/wp\/v2\/pages\/26517\" \/><input type=\"hidden\" name=\"form_id\" value=\"26528\"><input type=\"hidden\" name=\"page_id\" value=\"26517\"><input type=\"hidden\" name=\"form_type\" value=\"default\"><input type=\"hidden\" name=\"current_url\" value=\"https:\/\/ridewithsiam.com\/en\/contacto\/\"><input type=\"hidden\" name=\"render_id\" value=\"0\"><input type=\"hidden\" name=\"action\" value=\"forminator_submit_form_custom-forms\"><input type=\"hidden\" name=\"trp-form-language\" value=\"en\"\/><\/form><\/div>\n\t\t\t\t\t\t<\/div>\n\t\t\t\t<\/div>\n\t\t\t\t<div class=\"elementor-element elementor-element-682258f sc_height_huge sc_layouts_hide_on_wide sc_layouts_hide_on_desktop sc_layouts_hide_on_notebook sc_fly_static elementor-widget elementor-widget-spacer\" data-id=\"682258f\" data-element_type=\"widget\" data-widget_type=\"spacer.default\">\n\t\t\t\t<div class=\"elementor-widget-container\">\n\t\t\t\t\t\t\t<div class=\"elementor-spacer\">\n\t\t\t<div class=\"elementor-spacer-inner\"><\/div>\n\t\t<\/div>\n\t\t\t\t\t\t<\/div>\n\t\t\t\t<\/div>\n\t\t\t\t<div class=\"elementor-element elementor-element-319403a sc_height_tiny sc_layouts_hide_on_tablet sc_layouts_hide_on_mobile sc_fly_static elementor-widget elementor-widget-spacer\" data-id=\"319403a\" data-element_type=\"widget\" data-widget_type=\"spacer.default\">\n\t\t\t\t<div class=\"elementor-widget-container\">\n\t\t\t\t\t\t\t<div class=\"elementor-spacer\">\n\t\t\t<div class=\"elementor-spacer-inner\"><\/div>\n\t\t<\/div>\n\t\t\t\t\t\t<\/div>\n\t\t\t\t<\/div>\n\t\t\t\t\t<\/div>\n\t\t<\/div>\n\t\t\t\t\t<\/div>\n\t\t<\/section>\n\t\t\t\t<section class=\"elementor-section elementor-top-section elementor-element elementor-element-c2d2d85 elementor-section-boxed elementor-section-height-default elementor-section-height-default sc_fly_static\" data-id=\"c2d2d85\" data-element_type=\"section\" data-settings=\"{&quot;background_background&quot;:&quot;classic&quot;}\">\n\t\t\t\t\t\t<div class=\"elementor-container elementor-column-gap-extended\">\n\t\t\t\t\t<div class=\"elementor-column elementor-col-100 elementor-top-column elementor-element elementor-element-a07736e sc_content_align_inherit sc_layouts_column_icons_position_left sc_fly_static\" data-id=\"a07736e\" data-element_type=\"column\">\n\t\t\t<div class=\"elementor-widget-wrap elementor-element-populated\">\n\t\t\t\t\t\t<div class=\"elementor-element elementor-element-2ac7189 sc_height_huge sc_fly_static elementor-widget elementor-widget-spacer\" data-id=\"2ac7189\" data-element_type=\"widget\" data-widget_type=\"spacer.default\">\n\t\t\t\t<div class=\"elementor-widget-container\">\n\t\t\t\t\t\t\t<div class=\"elementor-spacer\">\n\t\t\t<div class=\"elementor-spacer-inner\"><\/div>\n\t\t<\/div>\n\t\t\t\t\t\t<\/div>\n\t\t\t\t<\/div>\n\t\t\t\t\t<\/div>\n\t\t<\/div>\n\t\t\t\t\t<\/div>\n\t\t<\/section>\n\t\t\t\t<\/div>","protected":false},"excerpt":{"rendered":"<p>Contacto HORARIO DE APERTURA ABIERTO TODO EL A\u00d1O DIRECCI\u00d3N Fuerteventura CONTACTO Tel\u00e9fono: +34 610 80 23 81Correo: siampoul1@gmail.com Contacto \u00bfListo\/a para volar conmigo?<\/p>","protected":false},"author":2,"featured_media":0,"parent":0,"menu_order":0,"comment_status":"closed","ping_status":"closed","template":"","meta":{"_joinchat":[],"footnotes":""},"class_list":["post-26517","page","type-page","status-publish","hentry"],"yoast_head":"<!-- This site is optimized with the Yoast SEO plugin v25.6 - https:\/\/yoast.com\/wordpress\/plugins\/seo\/ -->\n<title>Contacto | Clases privadas de surf y kitesurf en Fuerteventura<\/title>\n<meta name=\"description\" content=\"Contacta con Siam para reservar tu clase de surf o kitesurf en Fuerteventura.\" \/>\n<meta name=\"robots\" content=\"index, follow, max-snippet:-1, max-image-preview:large, max-video-preview:-1\" \/>\n<link rel=\"canonical\" href=\"https:\/\/ridewithsiam.com\/en\/contacto\/\" \/>\n<meta property=\"og:locale\" content=\"en_GB\" \/>\n<meta property=\"og:type\" content=\"article\" \/>\n<meta property=\"og:title\" content=\"Contacto | Clases privadas de surf y kitesurf en Fuerteventura\" \/>\n<meta property=\"og:description\" content=\"Contacta con Siam para reservar tu clase de surf o kitesurf en Fuerteventura.\" \/>\n<meta property=\"og:url\" content=\"https:\/\/ridewithsiam.com\/en\/contacto\/\" \/>\n<meta property=\"og:site_name\" content=\"Ride with Siam\" \/>\n<meta property=\"article:modified_time\" content=\"2025-08-18T14:46:38+00:00\" \/>\n<meta name=\"twitter:card\" content=\"summary_large_image\" \/>\n<meta name=\"twitter:label1\" content=\"Estimated reading time\" \/>\n\t<meta name=\"twitter:data1\" content=\"1 minute\" \/>\n<script type=\"application\/ld+json\" class=\"yoast-schema-graph\">{\"@context\":\"https:\/\/schema.org\",\"@graph\":[{\"@type\":\"WebPage\",\"@id\":\"https:\/\/ridewithsiam.com\/contacto\/\",\"url\":\"https:\/\/ridewithsiam.com\/contacto\/\",\"name\":\"Contacto | Clases privadas de surf y kitesurf en Fuerteventura\",\"isPartOf\":{\"@id\":\"https:\/\/ridewithsiam.com\/#website\"},\"datePublished\":\"2025-07-31T12:44:44+00:00\",\"dateModified\":\"2025-08-18T14:46:38+00:00\",\"description\":\"Contacta con Siam para reservar tu clase de surf o kitesurf en Fuerteventura.\",\"breadcrumb\":{\"@id\":\"https:\/\/ridewithsiam.com\/contacto\/#breadcrumb\"},\"inLanguage\":\"en-GB\",\"potentialAction\":[{\"@type\":\"ReadAction\",\"target\":[\"https:\/\/ridewithsiam.com\/contacto\/\"]}]},{\"@type\":\"BreadcrumbList\",\"@id\":\"https:\/\/ridewithsiam.com\/contacto\/#breadcrumb\",\"itemListElement\":[{\"@type\":\"ListItem\",\"position\":1,\"name\":\"Portada\",\"item\":\"https:\/\/ridewithsiam.com\/\"},{\"@type\":\"ListItem\",\"position\":2,\"name\":\"Contacto\"}]},{\"@type\":\"WebSite\",\"@id\":\"https:\/\/ridewithsiam.com\/#website\",\"url\":\"https:\/\/ridewithsiam.com\/\",\"name\":\"Ride with Siam\",\"description\":\"Clases privadas de surf y kitesurf en Fuerteventura\",\"potentialAction\":[{\"@type\":\"SearchAction\",\"target\":{\"@type\":\"EntryPoint\",\"urlTemplate\":\"https:\/\/ridewithsiam.com\/?s={search_term_string}\"},\"query-input\":{\"@type\":\"PropertyValueSpecification\",\"valueRequired\":true,\"valueName\":\"search_term_string\"}}],\"inLanguage\":\"en-GB\"}]}<\/script>\n<!-- \/ Yoast SEO plugin. -->","yoast_head_json":{"title":"Contacto | Clases privadas de surf y kitesurf en Fuerteventura","description":"Contacta con Siam para reservar tu clase de surf o kitesurf en Fuerteventura.","robots":{"index":"index","follow":"follow","max-snippet":"max-snippet:-1","max-image-preview":"max-image-preview:large","max-video-preview":"max-video-preview:-1"},"canonical":"https:\/\/ridewithsiam.com\/en\/contacto\/","og_locale":"en_GB","og_type":"article","og_title":"Contacto | Clases privadas de surf y kitesurf en Fuerteventura","og_description":"Contacta con Siam para reservar tu clase de surf o kitesurf en Fuerteventura.","og_url":"https:\/\/ridewithsiam.com\/en\/contacto\/","og_site_name":"Ride with Siam","article_modified_time":"2025-08-18T14:46:38+00:00","twitter_card":"summary_large_image","twitter_misc":{"Estimated reading time":"1 minute"},"schema":{"@context":"https:\/\/schema.org","@graph":[{"@type":"WebPage","@id":"https:\/\/ridewithsiam.com\/contacto\/","url":"https:\/\/ridewithsiam.com\/contacto\/","name":"Contacto | Clases privadas de surf y kitesurf en Fuerteventura","isPartOf":{"@id":"https:\/\/ridewithsiam.com\/#website"},"datePublished":"2025-07-31T12:44:44+00:00","dateModified":"2025-08-18T14:46:38+00:00","description":"Contacta con Siam para reservar tu clase de surf o kitesurf en Fuerteventura.","breadcrumb":{"@id":"https:\/\/ridewithsiam.com\/contacto\/#breadcrumb"},"inLanguage":"en-GB","potentialAction":[{"@type":"ReadAction","target":["https:\/\/ridewithsiam.com\/contacto\/"]}]},{"@type":"BreadcrumbList","@id":"https:\/\/ridewithsiam.com\/contacto\/#breadcrumb","itemListElement":[{"@type":"ListItem","position":1,"name":"Portada","item":"https:\/\/ridewithsiam.com\/"},{"@type":"ListItem","position":2,"name":"Contacto"}]},{"@type":"WebSite","@id":"https:\/\/ridewithsiam.com\/#website","url":"https:\/\/ridewithsiam.com\/","name":"Ride with Siam","description":"Private lessons for Surfing and Kitesurfing","potentialAction":[{"@type":"SearchAction","target":{"@type":"EntryPoint","urlTemplate":"https:\/\/ridewithsiam.com\/?s={search_term_string}"},"query-input":{"@type":"PropertyValueSpecification","valueRequired":true,"valueName":"search_term_string"}}],"inLanguage":"en-GB"}]}},"_links":{"self":[{"href":"https:\/\/ridewithsiam.com\/en\/wp-json\/wp\/v2\/pages\/26517","targetHints":{"allow":["GET"]}}],"collection":[{"href":"https:\/\/ridewithsiam.com\/en\/wp-json\/wp\/v2\/pages"}],"about":[{"href":"https:\/\/ridewithsiam.com\/en\/wp-json\/wp\/v2\/types\/page"}],"author":[{"embeddable":true,"href":"https:\/\/ridewithsiam.com\/en\/wp-json\/wp\/v2\/users\/2"}],"replies":[{"embeddable":true,"href":"https:\/\/ridewithsiam.com\/en\/wp-json\/wp\/v2\/comments?post=26517"}],"version-history":[{"count":22,"href":"https:\/\/ridewithsiam.com\/en\/wp-json\/wp\/v2\/pages\/26517\/revisions"}],"predecessor-version":[{"id":26690,"href":"https:\/\/ridewithsiam.com\/en\/wp-json\/wp\/v2\/pages\/26517\/revisions\/26690"}],"wp:attachment":[{"href":"https:\/\/ridewithsiam.com\/en\/wp-json\/wp\/v2\/media?parent=26517"}],"curies":[{"name":"wp","href":"https:\/\/api.w.org\/{rel}","templated":true}]}}