{"id":26384,"date":"2025-07-02T10:11:29","date_gmt":"2025-07-02T10:11:29","guid":{"rendered":"https:\/\/ridewithsiam.com\/?page_id=26384"},"modified":"2025-09-01T11:27:30","modified_gmt":"2025-09-01T11:27:30","slug":"condiciones-meteorologicas","status":"publish","type":"page","link":"https:\/\/ridewithsiam.com\/en\/condiciones-meteorologicas\/","title":{"rendered":"METEO"},"content":{"rendered":"<div data-elementor-type=\"wp-page\" data-elementor-id=\"26384\" class=\"elementor elementor-26384\">\n\t\t\t\t\t\t<section class=\"elementor-section elementor-top-section elementor-element elementor-element-8148d97 elementor-section-boxed elementor-section-height-default elementor-section-height-default sc_fly_static\" data-id=\"8148d97\" data-element_type=\"section\" data-settings=\"{&quot;background_background&quot;:&quot;classic&quot;}\">\n\t\t\t\t\t\t<div class=\"elementor-container elementor-column-gap-extended\">\n\t\t\t\t\t<div class=\"elementor-column elementor-col-100 elementor-top-column elementor-element elementor-element-e03c227 sc_content_align_inherit sc_layouts_column_icons_position_left sc_fly_static\" data-id=\"e03c227\" data-element_type=\"column\">\n\t\t\t<div class=\"elementor-widget-wrap elementor-element-populated\">\n\t\t\t\t\t\t<div class=\"elementor-element elementor-element-fcfb0eb sc_fly_static elementor-widget elementor-widget-heading\" data-id=\"fcfb0eb\" data-element_type=\"widget\" data-widget_type=\"heading.default\">\n\t\t\t\t<div class=\"elementor-widget-container\">\n\t\t\t\t\t<h1 class=\"elementor-heading-title elementor-size-default\">Meteo<\/h1>\t\t\t\t<\/div>\n\t\t\t\t<\/div>\n\t\t\t\t\t<\/div>\n\t\t<\/div>\n\t\t\t\t\t<\/div>\n\t\t<\/section>\n\t\t\t\t<section class=\"elementor-section elementor-top-section elementor-element elementor-element-c2d2d85 elementor-section-boxed elementor-section-height-default elementor-section-height-default sc_fly_static\" data-id=\"c2d2d85\" data-element_type=\"section\" data-settings=\"{&quot;background_background&quot;:&quot;classic&quot;}\">\n\t\t\t\t\t\t<div class=\"elementor-container elementor-column-gap-extended\">\n\t\t\t\t\t<div class=\"elementor-column elementor-col-100 elementor-top-column elementor-element elementor-element-a07736e sc_content_align_inherit sc_layouts_column_icons_position_left sc_fly_static\" data-id=\"a07736e\" data-element_type=\"column\">\n\t\t\t<div class=\"elementor-widget-wrap elementor-element-populated\">\n\t\t\t\t\t\t<div class=\"elementor-element elementor-element-2ac7189 sc_height_huge sc_fly_static elementor-widget elementor-widget-spacer\" data-id=\"2ac7189\" data-element_type=\"widget\" data-widget_type=\"spacer.default\">\n\t\t\t\t<div class=\"elementor-widget-container\">\n\t\t\t\t\t\t\t<div class=\"elementor-spacer\">\n\t\t\t<div class=\"elementor-spacer-inner\"><\/div>\n\t\t<\/div>\n\t\t\t\t\t\t<\/div>\n\t\t\t\t<\/div>\n\t\t\t\t\t<\/div>\n\t\t<\/div>\n\t\t\t\t\t<\/div>\n\t\t<\/section>\n\t\t\t\t<section class=\"elementor-section elementor-top-section elementor-element elementor-element-c754d26 elementor-section-boxed elementor-section-height-default elementor-section-height-default sc_fly_static\" data-id=\"c754d26\" data-element_type=\"section\" data-settings=\"{&quot;background_background&quot;:&quot;classic&quot;}\">\n\t\t\t\t\t\t<div class=\"elementor-container elementor-column-gap-extended\">\n\t\t\t\t\t<div class=\"elementor-column elementor-col-100 elementor-top-column elementor-element elementor-element-d6af423 sc_content_align_inherit sc_layouts_column_icons_position_left sc_fly_static\" data-id=\"d6af423\" data-element_type=\"column\">\n\t\t\t<div class=\"elementor-widget-wrap elementor-element-populated\">\n\t\t\t\t\t\t<div class=\"elementor-element elementor-element-12b20a0 sc_fly_static elementor-widget elementor-widget-heading\" data-id=\"12b20a0\" data-element_type=\"widget\" data-widget_type=\"heading.default\">\n\t\t\t\t<div class=\"elementor-widget-container\">\n\t\t\t\t\t<h3 class=\"elementor-heading-title elementor-size-default\">Satellite view map<\/h3>\t\t\t\t<\/div>\n\t\t\t\t<\/div>\n\t\t\t\t<div class=\"elementor-element elementor-element-450c8f0 sc_fly_static elementor-widget elementor-widget-text-editor\" data-id=\"450c8f0\" data-element_type=\"widget\" data-widget_type=\"text-editor.default\">\n\t\t\t\t<div class=\"elementor-widget-container\">\n\t\t\t\t\t\t\t\t\t<p>Here we can see a map showing weather forecasts for wind and waves across the Canary Islands. You can zoom in to see more local conditions.<\/p>\t\t\t\t\t\t\t\t<\/div>\n\t\t\t\t<\/div>\n\t\t\t\t\t<\/div>\n\t\t<\/div>\n\t\t\t\t\t<\/div>\n\t\t<\/section>\n\t\t\t\t<section class=\"elementor-section elementor-top-section elementor-element elementor-element-a575c7f elementor-section-boxed elementor-section-height-default elementor-section-height-default sc_fly_static\" data-id=\"a575c7f\" data-element_type=\"section\" data-settings=\"{&quot;background_background&quot;:&quot;classic&quot;}\">\n\t\t\t\t\t\t<div class=\"elementor-container elementor-column-gap-extended\">\n\t\t\t\t\t<div class=\"elementor-column elementor-col-100 elementor-top-column elementor-element elementor-element-f1a5b1c sc_content_align_inherit sc_layouts_column_icons_position_left sc_fly_static\" data-id=\"f1a5b1c\" data-element_type=\"column\">\n\t\t\t<div class=\"elementor-widget-wrap elementor-element-populated\">\n\t\t\t\t\t\t<div class=\"elementor-element elementor-element-b08e7ef sc_fly_static elementor-widget elementor-widget-shortcode\" data-id=\"b08e7ef\" data-element_type=\"widget\" data-widget_type=\"shortcode.default\">\n\t\t\t\t<div class=\"elementor-widget-container\">\n\t\t\t\t\t\t\t<div class=\"elementor-shortcode\"><iframe src=\"https:\/\/embed.windy.com\/embed2.html?lat=27.618&amp;lon=-14.204&amp;detailLat=27.618&amp;detailLon=-14.204&amp;width=430&amp;height=450&amp;zoom=8&amp;level=surface&amp;overlay=wind&amp;product=ecmwf&amp;menu=&amp;message=&amp;marker=&amp;calendar=now&amp;pressure=&amp;type=map&amp;location=coordinates&amp;detail=&amp;metricWind=default&amp;metricTemp=default&amp;radarRange=-1\" height=\"320\" frameborder=\"0\" width=\"320\"><\/iframe><\/div>\n\t\t\t\t\t\t<\/div>\n\t\t\t\t<\/div>\n\t\t\t\t\t<\/div>\n\t\t<\/div>\n\t\t\t\t\t<\/div>\n\t\t<\/section>\n\t\t\t\t<section class=\"elementor-section elementor-top-section elementor-element elementor-element-1e857d8 elementor-section-boxed elementor-section-height-default elementor-section-height-default sc_fly_static\" data-id=\"1e857d8\" data-element_type=\"section\" data-settings=\"{&quot;background_background&quot;:&quot;classic&quot;}\">\n\t\t\t\t\t\t<div class=\"elementor-container elementor-column-gap-extended\">\n\t\t\t\t\t<div class=\"elementor-column elementor-col-100 elementor-top-column elementor-element elementor-element-50c1fa3 sc_content_align_inherit sc_layouts_column_icons_position_left sc_fly_static\" data-id=\"50c1fa3\" data-element_type=\"column\">\n\t\t\t<div class=\"elementor-widget-wrap elementor-element-populated\">\n\t\t\t\t\t\t<div class=\"elementor-element elementor-element-bde861e sc_fly_static elementor-widget elementor-widget-heading\" data-id=\"bde861e\" data-element_type=\"widget\" data-widget_type=\"heading.default\">\n\t\t\t\t<div class=\"elementor-widget-container\">\n\t\t\t\t\t<h3 class=\"elementor-heading-title elementor-size-default\">Statistical forecasts<\/h3>\t\t\t\t<\/div>\n\t\t\t\t<\/div>\n\t\t\t\t<div class=\"elementor-element elementor-element-bd7658a sc_fly_static elementor-widget elementor-widget-text-editor\" data-id=\"bd7658a\" data-element_type=\"widget\" data-widget_type=\"text-editor.default\">\n\t\t\t\t<div class=\"elementor-widget-container\">\n\t\t\t\t\t\t\t\t\t<p>Pared Beach is a benchmark in terms of waves and wind. Here you'll find forecasts for a week.<\/p>\t\t\t\t\t\t\t\t<\/div>\n\t\t\t\t<\/div>\n\t\t\t\t\t<\/div>\n\t\t<\/div>\n\t\t\t\t\t<\/div>\n\t\t<\/section>\n\t\t\t\t<section class=\"elementor-section elementor-top-section elementor-element elementor-element-7125249 elementor-section-boxed elementor-section-height-default elementor-section-height-default sc_fly_static\" data-id=\"7125249\" data-element_type=\"section\" data-settings=\"{&quot;background_background&quot;:&quot;classic&quot;}\">\n\t\t\t\t\t\t<div class=\"elementor-container elementor-column-gap-extended\">\n\t\t\t\t\t<div class=\"elementor-column elementor-col-50 elementor-top-column elementor-element elementor-element-346f5d2 sc_content_align_inherit sc_layouts_column_icons_position_left sc_fly_static\" data-id=\"346f5d2\" data-element_type=\"column\">\n\t\t\t<div class=\"elementor-widget-wrap elementor-element-populated\">\n\t\t\t\t\t\t<div class=\"elementor-element elementor-element-b9ebf1f sc_fly_static elementor-widget elementor-widget-shortcode\" data-id=\"b9ebf1f\" data-element_type=\"widget\" data-widget_type=\"shortcode.default\">\n\t\t\t\t<div class=\"elementor-widget-container\">\n\t\t\t\t\t\t\t<div class=\"elementor-shortcode\"><script src=\"https:\/\/fr.windfinder.com\/widget\/forecast\/js\/westkueste_la_pared?unit_wave=m&unit_rain=mm&unit_temperature=c&unit_wind=kts&unit_pressure=hPa&days=2&show_day=1\"><\/script><noscript><a rel=\"nofollow\" href=\"https:\/\/www.windfinder.com\/forecast\/westkueste_la_pared?utm_source=forecast&utm_medium=web&utm_campaign=homepageweather&utm_content=noscript-forecast\">Wind forecast for La Pared \/ Fuerteventura<\/a> provided by <a rel=\"nofollow\" href=\"https:\/\/www.windfinder.com?utm_source=forecast&utm_medium=web&utm_campaign=homepageweather&utm_content=noscript-logo\">windfinder.com<\/a><\/noscript><\/div>\n\t\t\t\t\t\t<\/div>\n\t\t\t\t<\/div>\n\t\t\t\t\t<\/div>\n\t\t<\/div>\n\t\t\t\t<div class=\"elementor-column elementor-col-50 elementor-top-column elementor-element elementor-element-ce93608 sc_content_align_inherit sc_layouts_column_icons_position_left sc_fly_static\" data-id=\"ce93608\" data-element_type=\"column\">\n\t\t\t<div class=\"elementor-widget-wrap elementor-element-populated\">\n\t\t\t\t\t\t<div class=\"elementor-element elementor-element-05a47ec sc_fly_static elementor-widget elementor-widget-shortcode\" data-id=\"05a47ec\" data-element_type=\"widget\" data-widget_type=\"shortcode.default\">\n\t\t\t\t<div class=\"elementor-widget-container\">\n\t\t\t\t\t\t\t<div class=\"elementor-shortcode\"><script id=\"wg_fwdg_49333_3_1751555393812\">\n(function (window, document) {\n  var loader = function () {\n    var arg = [\"s=49333\" ,\"m=3\",\"uid=wg_fwdg_49333_3_1751555393812\" ,\"wj=knots\" ,\"tj=c\" ,\"waj=m\" ,\"tij=cm\" ,\"odh=0\" ,\"doh=24\" ,\"fhours=240\" ,\"hrsm=3\" ,\"vt=forecasts\" ,\"lng=fr\" ,\"p=WINDSPD,GUST,MWINDSPD,SMER,TMPE,FLHGT,CDC,APCP1s,RATING\"];\n    var script = document.createElement(\"script\");\n    var tag = document.getElementsByTagName(\"script\")[0];\n    script.src = \"https:\/\/www.windguru.cz\/js\/widget.php?\"+(arg.join(\"&\"));\n    tag.parentNode.insertBefore(script, tag);\n  };\n  window.addEventListener ? window.addEventListener(\"load\", loader, false) : window.attachEvent(\"onload\", loader);\n})(window, document);\n<\/script><\/div>\n\t\t\t\t\t\t<\/div>\n\t\t\t\t<\/div>\n\t\t\t\t\t<\/div>\n\t\t<\/div>\n\t\t\t\t\t<\/div>\n\t\t<\/section>\n\t\t\t\t<section class=\"elementor-section elementor-top-section elementor-element elementor-element-f8d563e elementor-section-boxed elementor-section-height-default elementor-section-height-default sc_fly_static\" data-id=\"f8d563e\" data-element_type=\"section\" data-settings=\"{&quot;background_background&quot;:&quot;classic&quot;}\">\n\t\t\t\t\t\t<div class=\"elementor-container elementor-column-gap-extended\">\n\t\t\t\t\t<div class=\"elementor-column elementor-col-100 elementor-top-column elementor-element elementor-element-60d1922 sc_content_align_inherit sc_layouts_column_icons_position_left sc_fly_static\" data-id=\"60d1922\" data-element_type=\"column\">\n\t\t\t<div class=\"elementor-widget-wrap elementor-element-populated\">\n\t\t\t\t\t\t<div class=\"elementor-element elementor-element-8ec302f sc_fly_static elementor-widget elementor-widget-text-editor\" data-id=\"8ec302f\" data-element_type=\"widget\" data-widget_type=\"text-editor.default\">\n\t\t\t\t<div class=\"elementor-widget-container\">\n\t\t\t\t\t\t\t\t\t<p>Matas Blancas Beach is a beach for wind sports where the waters are very flat. You can see the weekly forecast here.<\/p>\t\t\t\t\t\t\t\t<\/div>\n\t\t\t\t<\/div>\n\t\t\t\t\t<\/div>\n\t\t<\/div>\n\t\t\t\t\t<\/div>\n\t\t<\/section>\n\t\t\t\t<section class=\"elementor-section elementor-top-section elementor-element elementor-element-d8405ba elementor-section-boxed elementor-section-height-default elementor-section-height-default sc_fly_static\" data-id=\"d8405ba\" data-element_type=\"section\" data-settings=\"{&quot;background_background&quot;:&quot;classic&quot;}\">\n\t\t\t\t\t\t<div class=\"elementor-container elementor-column-gap-extended\">\n\t\t\t\t\t<div class=\"elementor-column elementor-col-50 elementor-top-column elementor-element elementor-element-9a861e2 sc_content_align_inherit sc_layouts_column_icons_position_left sc_fly_static\" data-id=\"9a861e2\" data-element_type=\"column\">\n\t\t\t<div class=\"elementor-widget-wrap elementor-element-populated\">\n\t\t\t\t\t\t<div class=\"elementor-element elementor-element-5dd4c83 sc_fly_static elementor-widget elementor-widget-shortcode\" data-id=\"5dd4c83\" data-element_type=\"widget\" data-widget_type=\"shortcode.default\">\n\t\t\t\t<div class=\"elementor-widget-container\">\n\t\t\t\t\t\t\t<div class=\"elementor-shortcode\"><iframe id=\"weather\" src=\"https:\/\/matasbay.com\/weatherstation\/compass2.php\" width=\"100%\" height=\"150px\" marginheight=\"0\" marginwidth=\"0\" frameborder=\"0\" scrolling=\"no\"> <\/iframe><\/div>\n\t\t\t\t\t\t<\/div>\n\t\t\t\t<\/div>\n\t\t\t\t\t<\/div>\n\t\t<\/div>\n\t\t\t\t<div class=\"elementor-column elementor-col-50 elementor-top-column elementor-element elementor-element-71ec136 sc_content_align_inherit sc_layouts_column_icons_position_left sc_fly_static\" data-id=\"71ec136\" data-element_type=\"column\">\n\t\t\t<div class=\"elementor-widget-wrap elementor-element-populated\">\n\t\t\t\t\t\t<div class=\"elementor-element elementor-element-c780d1d sc_fly_static elementor-widget elementor-widget-shortcode\" data-id=\"c780d1d\" data-element_type=\"widget\" data-widget_type=\"shortcode.default\">\n\t\t\t\t<div class=\"elementor-widget-container\">\n\t\t\t\t\t\t\t<div class=\"elementor-shortcode\"><iframe\n  id=\"wf-forecast-fuerteventura_matas_blancas\"\n  src=\"https:\/\/es.windfinder.com\/widget\/forecast\/fuerteventura_matas_blancas?days=4&amp;columns=1&amp;unit_wind=kts&amp;unit_temperature=c&amp;unit_wave=m&amp;unit_rain=mm&amp;unit_pressure=hPa&amp;label_wind=kts&amp;show_wind=1&amp;show_temperature=1&amp;show_waves=1&amp;show_rain=1&amp;show_clouds=1&amp;show_pressure=1&amp;show_day=1&amp;version=1&amp;domain=www.matasbay.com\"\n  scrolling=\"no\"\n  marginwidth=\"0\"\n  marginheight=\"0\"\n  frameborder=\"0\"\n  style=\"width: 1px; min-width: 100%; vertical-align: bottom;\"\n  height=\"473\">\n<\/iframe><\/div>\n\t\t\t\t\t\t<\/div>\n\t\t\t\t<\/div>\n\t\t\t\t\t<\/div>\n\t\t<\/div>\n\t\t\t\t\t<\/div>\n\t\t<\/section>\n\t\t\t\t<section class=\"elementor-section elementor-top-section elementor-element elementor-element-d5d4e70 elementor-section-boxed elementor-section-height-default elementor-section-height-default sc_fly_static\" data-id=\"d5d4e70\" data-element_type=\"section\" data-settings=\"{&quot;background_background&quot;:&quot;classic&quot;}\">\n\t\t\t\t\t\t<div class=\"elementor-container elementor-column-gap-extended\">\n\t\t\t\t\t<div class=\"elementor-column elementor-col-100 elementor-top-column elementor-element elementor-element-80878d5 sc_content_align_inherit sc_layouts_column_icons_position_left sc_fly_static\" data-id=\"80878d5\" data-element_type=\"column\">\n\t\t\t<div class=\"elementor-widget-wrap elementor-element-populated\">\n\t\t\t\t\t\t<div class=\"elementor-element elementor-element-a5c64fe sc_height_huge sc_fly_static elementor-widget elementor-widget-spacer\" data-id=\"a5c64fe\" data-element_type=\"widget\" data-widget_type=\"spacer.default\">\n\t\t\t\t<div class=\"elementor-widget-container\">\n\t\t\t\t\t\t\t<div class=\"elementor-spacer\">\n\t\t\t<div class=\"elementor-spacer-inner\"><\/div>\n\t\t<\/div>\n\t\t\t\t\t\t<\/div>\n\t\t\t\t<\/div>\n\t\t\t\t\t<\/div>\n\t\t<\/div>\n\t\t\t\t\t<\/div>\n\t\t<\/section>\n\t\t\t\t<\/div>","protected":false},"excerpt":{"rendered":"<p>Condiciones meteorol\u00f3gicas Mapa vista satelite Aqui podemos ver un mapa donde aparecen previsiones meteorol\u00f3gicas tanto de vientos y olas en todo el archipi\u00e9lago canario. Se puede hacer zoom para apreciar&hellip;<\/p>","protected":false},"author":2,"featured_media":0,"parent":0,"menu_order":0,"comment_status":"closed","ping_status":"closed","template":"","meta":{"_joinchat":[],"footnotes":""},"class_list":["post-26384","page","type-page","status-publish","hentry"],"yoast_head":"<!-- This site is optimized with the Yoast SEO plugin v25.6 - https:\/\/yoast.com\/wordpress\/plugins\/seo\/ -->\n<title>METEO | Clases privadas de surf y kitesurf en Fuerteventura<\/title>\n<meta name=\"description\" content=\"Consulta las condiciones meteorol\u00f3gicas y del viento en Fuerteventura para planificar tu clase de surf o kitesurf con Siam. Informaci\u00f3n actualizada y consejos de experto.\" \/>\n<meta name=\"robots\" content=\"index, follow, max-snippet:-1, max-image-preview:large, max-video-preview:-1\" \/>\n<link rel=\"canonical\" href=\"https:\/\/ridewithsiam.com\/en\/condiciones-meteorologicas\/\" \/>\n<meta property=\"og:locale\" content=\"en_GB\" \/>\n<meta property=\"og:type\" content=\"article\" \/>\n<meta property=\"og:title\" content=\"METEO | Clases privadas de surf y kitesurf en Fuerteventura\" \/>\n<meta property=\"og:description\" content=\"Consulta las condiciones meteorol\u00f3gicas y del viento en Fuerteventura para planificar tu clase de surf o kitesurf con Siam. Informaci\u00f3n actualizada y consejos de experto.\" \/>\n<meta property=\"og:url\" content=\"https:\/\/ridewithsiam.com\/en\/condiciones-meteorologicas\/\" \/>\n<meta property=\"og:site_name\" content=\"Ride with Siam\" \/>\n<meta property=\"article:modified_time\" content=\"2025-09-01T11:27:30+00:00\" \/>\n<meta name=\"twitter:card\" content=\"summary_large_image\" \/>\n<meta name=\"twitter:label1\" content=\"Estimated reading time\" \/>\n\t<meta name=\"twitter:data1\" content=\"1 minute\" \/>\n<script type=\"application\/ld+json\" class=\"yoast-schema-graph\">{\"@context\":\"https:\/\/schema.org\",\"@graph\":[{\"@type\":\"WebPage\",\"@id\":\"https:\/\/ridewithsiam.com\/condiciones-meteorologicas\/\",\"url\":\"https:\/\/ridewithsiam.com\/condiciones-meteorologicas\/\",\"name\":\"METEO | Clases privadas de surf y kitesurf en Fuerteventura\",\"isPartOf\":{\"@id\":\"https:\/\/ridewithsiam.com\/#website\"},\"datePublished\":\"2025-07-02T10:11:29+00:00\",\"dateModified\":\"2025-09-01T11:27:30+00:00\",\"description\":\"Consulta las condiciones meteorol\u00f3gicas y del viento en Fuerteventura para planificar tu clase de surf o kitesurf con Siam. Informaci\u00f3n actualizada y consejos de experto.\",\"breadcrumb\":{\"@id\":\"https:\/\/ridewithsiam.com\/condiciones-meteorologicas\/#breadcrumb\"},\"inLanguage\":\"en-GB\",\"potentialAction\":[{\"@type\":\"ReadAction\",\"target\":[\"https:\/\/ridewithsiam.com\/condiciones-meteorologicas\/\"]}]},{\"@type\":\"BreadcrumbList\",\"@id\":\"https:\/\/ridewithsiam.com\/condiciones-meteorologicas\/#breadcrumb\",\"itemListElement\":[{\"@type\":\"ListItem\",\"position\":1,\"name\":\"Portada\",\"item\":\"https:\/\/ridewithsiam.com\/\"},{\"@type\":\"ListItem\",\"position\":2,\"name\":\"METEO\"}]},{\"@type\":\"WebSite\",\"@id\":\"https:\/\/ridewithsiam.com\/#website\",\"url\":\"https:\/\/ridewithsiam.com\/\",\"name\":\"Ride with Siam\",\"description\":\"Clases privadas de surf y kitesurf en Fuerteventura\",\"potentialAction\":[{\"@type\":\"SearchAction\",\"target\":{\"@type\":\"EntryPoint\",\"urlTemplate\":\"https:\/\/ridewithsiam.com\/?s={search_term_string}\"},\"query-input\":{\"@type\":\"PropertyValueSpecification\",\"valueRequired\":true,\"valueName\":\"search_term_string\"}}],\"inLanguage\":\"en-GB\"}]}<\/script>\n<!-- \/ Yoast SEO plugin. -->","yoast_head_json":{"title":"METEO | Clases privadas de surf y kitesurf en Fuerteventura","description":"Consulta las condiciones meteorol\u00f3gicas y del viento en Fuerteventura para planificar tu clase de surf o kitesurf con Siam. Informaci\u00f3n actualizada y consejos de experto.","robots":{"index":"index","follow":"follow","max-snippet":"max-snippet:-1","max-image-preview":"max-image-preview:large","max-video-preview":"max-video-preview:-1"},"canonical":"https:\/\/ridewithsiam.com\/en\/condiciones-meteorologicas\/","og_locale":"en_GB","og_type":"article","og_title":"METEO | Clases privadas de surf y kitesurf en Fuerteventura","og_description":"Consulta las condiciones meteorol\u00f3gicas y del viento en Fuerteventura para planificar tu clase de surf o kitesurf con Siam. Informaci\u00f3n actualizada y consejos de experto.","og_url":"https:\/\/ridewithsiam.com\/en\/condiciones-meteorologicas\/","og_site_name":"Ride with Siam","article_modified_time":"2025-09-01T11:27:30+00:00","twitter_card":"summary_large_image","twitter_misc":{"Estimated reading time":"1 minute"},"schema":{"@context":"https:\/\/schema.org","@graph":[{"@type":"WebPage","@id":"https:\/\/ridewithsiam.com\/condiciones-meteorologicas\/","url":"https:\/\/ridewithsiam.com\/condiciones-meteorologicas\/","name":"METEO | Clases privadas de surf y kitesurf en Fuerteventura","isPartOf":{"@id":"https:\/\/ridewithsiam.com\/#website"},"datePublished":"2025-07-02T10:11:29+00:00","dateModified":"2025-09-01T11:27:30+00:00","description":"Consulta las condiciones meteorol\u00f3gicas y del viento en Fuerteventura para planificar tu clase de surf o kitesurf con Siam. Informaci\u00f3n actualizada y consejos de experto.","breadcrumb":{"@id":"https:\/\/ridewithsiam.com\/condiciones-meteorologicas\/#breadcrumb"},"inLanguage":"en-GB","potentialAction":[{"@type":"ReadAction","target":["https:\/\/ridewithsiam.com\/condiciones-meteorologicas\/"]}]},{"@type":"BreadcrumbList","@id":"https:\/\/ridewithsiam.com\/condiciones-meteorologicas\/#breadcrumb","itemListElement":[{"@type":"ListItem","position":1,"name":"Portada","item":"https:\/\/ridewithsiam.com\/"},{"@type":"ListItem","position":2,"name":"METEO"}]},{"@type":"WebSite","@id":"https:\/\/ridewithsiam.com\/#website","url":"https:\/\/ridewithsiam.com\/","name":"Ride with Siam","description":"Private lessons for Surfing and Kitesurfing","potentialAction":[{"@type":"SearchAction","target":{"@type":"EntryPoint","urlTemplate":"https:\/\/ridewithsiam.com\/?s={search_term_string}"},"query-input":{"@type":"PropertyValueSpecification","valueRequired":true,"valueName":"search_term_string"}}],"inLanguage":"en-GB"}]}},"_links":{"self":[{"href":"https:\/\/ridewithsiam.com\/en\/wp-json\/wp\/v2\/pages\/26384","targetHints":{"allow":["GET"]}}],"collection":[{"href":"https:\/\/ridewithsiam.com\/en\/wp-json\/wp\/v2\/pages"}],"about":[{"href":"https:\/\/ridewithsiam.com\/en\/wp-json\/wp\/v2\/types\/page"}],"author":[{"embeddable":true,"href":"https:\/\/ridewithsiam.com\/en\/wp-json\/wp\/v2\/users\/2"}],"replies":[{"embeddable":true,"href":"https:\/\/ridewithsiam.com\/en\/wp-json\/wp\/v2\/comments?post=26384"}],"version-history":[{"count":71,"href":"https:\/\/ridewithsiam.com\/en\/wp-json\/wp\/v2\/pages\/26384\/revisions"}],"predecessor-version":[{"id":26733,"href":"https:\/\/ridewithsiam.com\/en\/wp-json\/wp\/v2\/pages\/26384\/revisions\/26733"}],"wp:attachment":[{"href":"https:\/\/ridewithsiam.com\/en\/wp-json\/wp\/v2\/media?parent=26384"}],"curies":[{"name":"wp","href":"https:\/\/api.w.org\/{rel}","templated":true}]}}