{"id":12954,"date":"2020-08-27T08:23:10","date_gmt":"2020-08-27T08:23:10","guid":{"rendered":"https:\/\/ridewithsiam.com\/?page_id=12954"},"modified":"2025-08-05T13:53:52","modified_gmt":"2025-08-05T13:53:52","slug":"politica-de-privacidad","status":"publish","type":"page","link":"https:\/\/ridewithsiam.com\/en\/politica-de-privacidad\/","title":{"rendered":"Privacy Policy"},"content":{"rendered":"<div data-elementor-type=\"wp-page\" data-elementor-id=\"12954\" class=\"elementor elementor-12954\">\n\t\t\t\t\t\t<section class=\"elementor-section elementor-top-section elementor-element elementor-element-58a6657 elementor-section-boxed elementor-section-height-default elementor-section-height-default sc_fly_static\" data-id=\"58a6657\" data-element_type=\"section\" data-settings=\"{&quot;background_background&quot;:&quot;classic&quot;}\">\n\t\t\t\t\t\t<div class=\"elementor-container elementor-column-gap-extended\">\n\t\t\t\t\t<div class=\"elementor-column elementor-col-100 elementor-top-column elementor-element elementor-element-29a9b7f1 sc_content_align_inherit sc_layouts_column_icons_position_left sc_fly_static\" data-id=\"29a9b7f1\" data-element_type=\"column\">\n\t\t\t<div class=\"elementor-widget-wrap elementor-element-populated\">\n\t\t\t\t\t\t<div class=\"elementor-element elementor-element-28850d77 sc_fly_static elementor-widget elementor-widget-text-editor\" data-id=\"28850d77\" data-element_type=\"widget\" data-widget_type=\"text-editor.default\">\n\t\t\t\t<div class=\"elementor-widget-container\">\n\t\t\t\t\t\t\t\t\t<h5>Gesti\u00f3n de cookies<\/h5><p data-start=\"262\" data-end=\"494\">Al utilizar nuestro sitio web, declaras expresamente haber le\u00eddo la pol\u00edtica de privacidad de <strong data-start=\"356\" data-end=\"374\">Ride With Siam<\/strong>, y estar informado sobre el tratamiento de tus datos personales conforme a los t\u00e9rminos y principios descritos en ella.<\/p><p data-start=\"496\" data-end=\"711\">Este sitio utiliza cookies para mejorar sus funcionalidades. Las cookies son archivos de datos almacenados en tu dispositivo, que permiten al sitio conservar cierta informaci\u00f3n sobre ti para facilitar la navegaci\u00f3n.<\/p><p data-start=\"713\" data-end=\"774\">Utilizamos diferentes tipos de cookies con fines espec\u00edficos:<\/p><p data-start=\"776\" data-end=\"918\">\u25d9 <strong data-start=\"778\" data-end=\"800\">Cookies necesarias<\/strong>: permiten que ciertas funciones del sitio web se utilicen correctamente. Estas cookies no recopilan datos personales.<\/p><p data-start=\"920\" data-end=\"1112\">\u25d9 <strong data-start=\"922\" data-end=\"945\">Cookies funcionales<\/strong>: mejoran tu experiencia en el sitio, por ejemplo, al guardar tu direcci\u00f3n para rellenar autom\u00e1ticamente los formularios y evitar que tengas que introducirla cada vez.<\/p><p data-start=\"1114\" data-end=\"1470\">Al hacer clic en el bot\u00f3n \u201cAcepto\u201d, consientes el uso de cookies (art\u00edculo 6, apartado 1, letra a del RGPD).<br data-start=\"1222\" data-end=\"1225\" \/>Puedes retirar tu consentimiento en cualquier momento haciendo clic en el enlace \u201cPol\u00edtica de privacidad\u201d en el pie de p\u00e1gina del sitio.<br data-start=\"1361\" data-end=\"1364\" \/>Si decides no autorizar las cookies, algunas funcionalidades del sitio podr\u00edan no funcionar correctamente.<\/p>\t\t\t\t\t\t\t\t<\/div>\n\t\t\t\t<\/div>\n\t\t\t\t\t<\/div>\n\t\t<\/div>\n\t\t\t\t\t<\/div>\n\t\t<\/section>\n\t\t\t\t<section class=\"elementor-section elementor-top-section elementor-element elementor-element-6934b907 elementor-section-boxed elementor-section-height-default elementor-section-height-default sc_fly_static\" data-id=\"6934b907\" data-element_type=\"section\">\n\t\t\t\t\t\t<div class=\"elementor-container elementor-column-gap-extended\">\n\t\t\t\t\t<div class=\"elementor-column elementor-col-100 elementor-top-column elementor-element elementor-element-2ac77afc sc_content_align_inherit sc_layouts_column_icons_position_left sc_fly_static\" data-id=\"2ac77afc\" data-element_type=\"column\">\n\t\t\t<div class=\"elementor-widget-wrap elementor-element-populated\">\n\t\t\t\t\t\t<div class=\"elementor-element elementor-element-50039530 sc_fly_static elementor-widget elementor-widget-spacer\" data-id=\"50039530\" data-element_type=\"widget\" data-widget_type=\"spacer.default\">\n\t\t\t\t<div class=\"elementor-widget-container\">\n\t\t\t\t\t\t\t<div class=\"elementor-spacer\">\n\t\t\t<div class=\"elementor-spacer-inner\"><\/div>\n\t\t<\/div>\n\t\t\t\t\t\t<\/div>\n\t\t\t\t<\/div>\n\t\t\t\t\t<\/div>\n\t\t<\/div>\n\t\t\t\t\t<\/div>\n\t\t<\/section>\n\t\t\t\t<section class=\"elementor-section elementor-top-section elementor-element elementor-element-1afc8516 elementor-section-boxed elementor-section-height-default elementor-section-height-default sc_fly_static\" data-id=\"1afc8516\" data-element_type=\"section\" data-settings=\"{&quot;background_background&quot;:&quot;classic&quot;}\">\n\t\t\t\t\t\t<div class=\"elementor-container elementor-column-gap-extended\">\n\t\t\t\t\t<div class=\"elementor-column elementor-col-100 elementor-top-column elementor-element elementor-element-5fdf1926 sc_content_align_inherit sc_layouts_column_icons_position_left sc_fly_static\" data-id=\"5fdf1926\" data-element_type=\"column\">\n\t\t\t<div class=\"elementor-widget-wrap elementor-element-populated\">\n\t\t\t\t\t\t<div class=\"elementor-element elementor-element-450b6b01 sc_fly_static elementor-widget elementor-widget-text-editor\" data-id=\"450b6b01\" data-element_type=\"widget\" data-widget_type=\"text-editor.default\">\n\t\t\t\t<div class=\"elementor-widget-container\">\n\t\t\t\t\t\t\t\t\t<h5>Tratamiento de datos personales<\/h5><p data-start=\"228\" data-end=\"380\"><strong data-start=\"228\" data-end=\"246\">Ride With Siam<\/strong> act\u00faa como responsable del tratamiento en lo que respecta a los datos personales recopilados y tratados durante tu uso del sitio web.<\/p><p data-start=\"382\" data-end=\"659\">Todos los datos del usuario recogidos a trav\u00e9s de cookies o formularios del sitio se almacenan en nuestra base de datos \u00fanicamente si el usuario ha dado su consentimiento previo. Esta informaci\u00f3n no ser\u00e1 utilizada en ning\u00fan otro contexto diferente al aceptado por el usuario.<\/p><p data-start=\"661\" data-end=\"976\">El usuario tiene pleno derecho de acceso a sus datos personales: puede consultarlos, modificarlos o eliminarlos en cualquier momento y sin necesidad de justificar su decisi\u00f3n ante <strong data-start=\"841\" data-end=\"859\">Ride With Siam<\/strong>. Para ello, puede contactar al responsable del tratamiento enviando un correo electr\u00f3nico a <strong data-start=\"952\" data-end=\"975\"><a class=\"cursor-pointer\" rel=\"noopener\" data-start=\"954\" data-end=\"973\">siampoul1@gmail.com<\/a><\/strong>.<\/p><p data-start=\"978\" data-end=\"1092\">Una vez recibida la solicitud, <strong data-start=\"1009\" data-end=\"1027\">Ride With Siam<\/strong> contactar\u00e1 al usuario lo antes posible para atender su petici\u00f3n.<\/p><p data-start=\"1099\" data-end=\"1350\"><strong data-start=\"1099\" data-end=\"1161\">Tus datos podr\u00e1n ser utilizados para los siguientes fines:<\/strong><br data-start=\"1161\" data-end=\"1164\" \/>\u25d9 Responder a tus solicitudes;<br data-start=\"1194\" data-end=\"1197\" \/>\u25d9 Prestar nuestros servicios al usuario;<br data-start=\"1237\" data-end=\"1240\" \/>\u25d9 Mejorar la experiencia del usuario;<br data-start=\"1277\" data-end=\"1280\" \/>\u25d9 Analizar los datos para optimizar el funcionamiento del sitio web.<\/p><p data-start=\"1357\" data-end=\"1584\">Tus datos no ser\u00e1n compartidos con terceros sin tu consentimiento.<br data-start=\"1423\" data-end=\"1426\" \/><strong data-start=\"1426\" data-end=\"1444\">Ride With Siam<\/strong> no revelar\u00e1 tus datos personales a terceros con fines de marketing directo, ni los tratar\u00e1 con fines de prospecci\u00f3n, incluido el perfilado.<\/p>\t\t\t\t\t\t\t\t<\/div>\n\t\t\t\t<\/div>\n\t\t\t\t\t<\/div>\n\t\t<\/div>\n\t\t\t\t\t<\/div>\n\t\t<\/section>\n\t\t\t\t<section class=\"elementor-section elementor-top-section elementor-element elementor-element-6e671de9 elementor-section-boxed elementor-section-height-default elementor-section-height-default sc_fly_static\" data-id=\"6e671de9\" data-element_type=\"section\">\n\t\t\t\t\t\t<div class=\"elementor-container elementor-column-gap-extended\">\n\t\t\t\t\t<div class=\"elementor-column elementor-col-100 elementor-top-column elementor-element elementor-element-4b78a2a9 sc_content_align_inherit sc_layouts_column_icons_position_left sc_fly_static\" data-id=\"4b78a2a9\" data-element_type=\"column\">\n\t\t\t<div class=\"elementor-widget-wrap elementor-element-populated\">\n\t\t\t\t\t\t<div class=\"elementor-element elementor-element-4a939ac8 sc_fly_static elementor-widget elementor-widget-spacer\" data-id=\"4a939ac8\" data-element_type=\"widget\" data-widget_type=\"spacer.default\">\n\t\t\t\t<div class=\"elementor-widget-container\">\n\t\t\t\t\t\t\t<div class=\"elementor-spacer\">\n\t\t\t<div class=\"elementor-spacer-inner\"><\/div>\n\t\t<\/div>\n\t\t\t\t\t\t<\/div>\n\t\t\t\t<\/div>\n\t\t\t\t\t<\/div>\n\t\t<\/div>\n\t\t\t\t\t<\/div>\n\t\t<\/section>\n\t\t\t\t<section class=\"elementor-section elementor-top-section elementor-element elementor-element-375b4a59 elementor-section-boxed elementor-section-height-default elementor-section-height-default sc_fly_static\" data-id=\"375b4a59\" data-element_type=\"section\" data-settings=\"{&quot;background_background&quot;:&quot;classic&quot;}\">\n\t\t\t\t\t\t<div class=\"elementor-container elementor-column-gap-extended\">\n\t\t\t\t\t<div class=\"elementor-column elementor-col-100 elementor-top-column elementor-element elementor-element-7e8a5370 sc_content_align_inherit sc_layouts_column_icons_position_left sc_fly_static\" data-id=\"7e8a5370\" data-element_type=\"column\">\n\t\t\t<div class=\"elementor-widget-wrap elementor-element-populated\">\n\t\t\t\t\t\t<div class=\"elementor-element elementor-element-42b6e42b sc_fly_static elementor-widget elementor-widget-text-editor\" data-id=\"42b6e42b\" data-element_type=\"widget\" data-widget_type=\"text-editor.default\">\n\t\t\t\t<div class=\"elementor-widget-container\">\n\t\t\t\t\t\t\t\t\t<h5>Seguridad<\/h5><p><strong data-start=\"194\" data-end=\"452\">Hacemos esfuerzos razonables para proteger la informaci\u00f3n personal de los Usuarios, pero ninguna empresa \u2014incluida nuestra SOCIEDAD\u2014 puede eliminar por completo los riesgos de seguridad relacionados con el tratamiento de informaci\u00f3n a trav\u00e9s de Internet.<\/strong><br data-start=\"452\" data-end=\"455\" \/>Por ejemplo, los datos personales de nuestros Usuarios pueden verse afectados por actos fuera de nuestro control, como ataques inform\u00e1ticos (<em data-start=\"596\" data-end=\"605\">hacking<\/em>) o robos f\u00edsicos.<br data-start=\"623\" data-end=\"626\" \/>El Usuario reconoce que proporciona su informaci\u00f3n personal bajo su propia responsabilidad.<\/p>\t\t\t\t\t\t\t\t<\/div>\n\t\t\t\t<\/div>\n\t\t\t\t\t<\/div>\n\t\t<\/div>\n\t\t\t\t\t<\/div>\n\t\t<\/section>\n\t\t\t\t<section class=\"elementor-section elementor-top-section elementor-element elementor-element-756ebfe3 elementor-section-boxed elementor-section-height-default elementor-section-height-default sc_fly_static\" data-id=\"756ebfe3\" data-element_type=\"section\">\n\t\t\t\t\t\t<div class=\"elementor-container elementor-column-gap-extended\">\n\t\t\t\t\t<div class=\"elementor-column elementor-col-100 elementor-top-column elementor-element elementor-element-5c9f21b5 sc_content_align_inherit sc_layouts_column_icons_position_left sc_fly_static\" data-id=\"5c9f21b5\" data-element_type=\"column\">\n\t\t\t<div class=\"elementor-widget-wrap elementor-element-populated\">\n\t\t\t\t\t\t<div class=\"elementor-element elementor-element-4242f1e4 sc_fly_static elementor-widget elementor-widget-spacer\" data-id=\"4242f1e4\" data-element_type=\"widget\" data-widget_type=\"spacer.default\">\n\t\t\t\t<div class=\"elementor-widget-container\">\n\t\t\t\t\t\t\t<div class=\"elementor-spacer\">\n\t\t\t<div class=\"elementor-spacer-inner\"><\/div>\n\t\t<\/div>\n\t\t\t\t\t\t<\/div>\n\t\t\t\t<\/div>\n\t\t\t\t\t<\/div>\n\t\t<\/div>\n\t\t\t\t\t<\/div>\n\t\t<\/section>\n\t\t\t\t<\/div>","protected":false},"excerpt":{"rendered":"<p>Gesti\u00f3n de cookies Al utilizar nuestro sitio web, declaras expresamente haber le\u00eddo la pol\u00edtica de privacidad de Ride With Siam, y estar informado sobre el tratamiento de tus datos personales&hellip;<\/p>","protected":false},"author":1,"featured_media":0,"parent":0,"menu_order":0,"comment_status":"closed","ping_status":"closed","template":"","meta":{"_joinchat":[],"footnotes":""},"class_list":["post-12954","page","type-page","status-publish","hentry"],"yoast_head":"<!-- This site is optimized with the Yoast SEO plugin v25.6 - https:\/\/yoast.com\/wordpress\/plugins\/seo\/ -->\n<title>Pol\u00edtica de privacidad - Ride with Siam<\/title>\n<meta name=\"robots\" content=\"index, follow, max-snippet:-1, max-image-preview:large, max-video-preview:-1\" \/>\n<link rel=\"canonical\" href=\"https:\/\/ridewithsiam.com\/en\/politica-de-privacidad\/\" \/>\n<meta property=\"og:locale\" content=\"en_GB\" \/>\n<meta property=\"og:type\" content=\"article\" \/>\n<meta property=\"og:title\" content=\"Pol\u00edtica de privacidad - Ride with Siam\" \/>\n<meta property=\"og:description\" content=\"Gesti\u00f3n de cookies Al utilizar nuestro sitio web, declaras expresamente haber le\u00eddo la pol\u00edtica de privacidad de Ride With Siam, y estar informado sobre el tratamiento de tus datos personales&hellip;\" \/>\n<meta property=\"og:url\" content=\"https:\/\/ridewithsiam.com\/en\/politica-de-privacidad\/\" \/>\n<meta property=\"og:site_name\" content=\"Ride with Siam\" \/>\n<meta property=\"article:modified_time\" content=\"2025-08-05T13:53:52+00:00\" \/>\n<meta name=\"twitter:card\" content=\"summary_large_image\" \/>\n<meta name=\"twitter:label1\" content=\"Estimated reading time\" \/>\n\t<meta name=\"twitter:data1\" content=\"3 minutes\" \/>\n<script type=\"application\/ld+json\" class=\"yoast-schema-graph\">{\"@context\":\"https:\/\/schema.org\",\"@graph\":[{\"@type\":\"WebPage\",\"@id\":\"https:\/\/ridewithsiam.com\/politica-de-privacidad\/\",\"url\":\"https:\/\/ridewithsiam.com\/politica-de-privacidad\/\",\"name\":\"Pol\u00edtica de privacidad - Ride with Siam\",\"isPartOf\":{\"@id\":\"https:\/\/ridewithsiam.com\/#website\"},\"datePublished\":\"2020-08-27T08:23:10+00:00\",\"dateModified\":\"2025-08-05T13:53:52+00:00\",\"breadcrumb\":{\"@id\":\"https:\/\/ridewithsiam.com\/politica-de-privacidad\/#breadcrumb\"},\"inLanguage\":\"en-GB\",\"potentialAction\":[{\"@type\":\"ReadAction\",\"target\":[\"https:\/\/ridewithsiam.com\/politica-de-privacidad\/\"]}]},{\"@type\":\"BreadcrumbList\",\"@id\":\"https:\/\/ridewithsiam.com\/politica-de-privacidad\/#breadcrumb\",\"itemListElement\":[{\"@type\":\"ListItem\",\"position\":1,\"name\":\"Portada\",\"item\":\"https:\/\/ridewithsiam.com\/\"},{\"@type\":\"ListItem\",\"position\":2,\"name\":\"Pol\u00edtica de privacidad\"}]},{\"@type\":\"WebSite\",\"@id\":\"https:\/\/ridewithsiam.com\/#website\",\"url\":\"https:\/\/ridewithsiam.com\/\",\"name\":\"Ride with Siam\",\"description\":\"Clases privadas de surf y kitesurf en Fuerteventura\",\"potentialAction\":[{\"@type\":\"SearchAction\",\"target\":{\"@type\":\"EntryPoint\",\"urlTemplate\":\"https:\/\/ridewithsiam.com\/?s={search_term_string}\"},\"query-input\":{\"@type\":\"PropertyValueSpecification\",\"valueRequired\":true,\"valueName\":\"search_term_string\"}}],\"inLanguage\":\"en-GB\"}]}<\/script>\n<!-- \/ Yoast SEO plugin. -->","yoast_head_json":{"title":"Pol\u00edtica de privacidad - Ride with Siam","robots":{"index":"index","follow":"follow","max-snippet":"max-snippet:-1","max-image-preview":"max-image-preview:large","max-video-preview":"max-video-preview:-1"},"canonical":"https:\/\/ridewithsiam.com\/en\/politica-de-privacidad\/","og_locale":"en_GB","og_type":"article","og_title":"Pol\u00edtica de privacidad - Ride with Siam","og_description":"Gesti\u00f3n de cookies Al utilizar nuestro sitio web, declaras expresamente haber le\u00eddo la pol\u00edtica de privacidad de Ride With Siam, y estar informado sobre el tratamiento de tus datos personales&hellip;","og_url":"https:\/\/ridewithsiam.com\/en\/politica-de-privacidad\/","og_site_name":"Ride with Siam","article_modified_time":"2025-08-05T13:53:52+00:00","twitter_card":"summary_large_image","twitter_misc":{"Estimated reading time":"3 minutes"},"schema":{"@context":"https:\/\/schema.org","@graph":[{"@type":"WebPage","@id":"https:\/\/ridewithsiam.com\/politica-de-privacidad\/","url":"https:\/\/ridewithsiam.com\/politica-de-privacidad\/","name":"Pol\u00edtica de privacidad - Ride with Siam","isPartOf":{"@id":"https:\/\/ridewithsiam.com\/#website"},"datePublished":"2020-08-27T08:23:10+00:00","dateModified":"2025-08-05T13:53:52+00:00","breadcrumb":{"@id":"https:\/\/ridewithsiam.com\/politica-de-privacidad\/#breadcrumb"},"inLanguage":"en-GB","potentialAction":[{"@type":"ReadAction","target":["https:\/\/ridewithsiam.com\/politica-de-privacidad\/"]}]},{"@type":"BreadcrumbList","@id":"https:\/\/ridewithsiam.com\/politica-de-privacidad\/#breadcrumb","itemListElement":[{"@type":"ListItem","position":1,"name":"Portada","item":"https:\/\/ridewithsiam.com\/"},{"@type":"ListItem","position":2,"name":"Pol\u00edtica de privacidad"}]},{"@type":"WebSite","@id":"https:\/\/ridewithsiam.com\/#website","url":"https:\/\/ridewithsiam.com\/","name":"Ride with Siam","description":"Private lessons for Surfing and Kitesurfing","potentialAction":[{"@type":"SearchAction","target":{"@type":"EntryPoint","urlTemplate":"https:\/\/ridewithsiam.com\/?s={search_term_string}"},"query-input":{"@type":"PropertyValueSpecification","valueRequired":true,"valueName":"search_term_string"}}],"inLanguage":"en-GB"}]}},"_links":{"self":[{"href":"https:\/\/ridewithsiam.com\/en\/wp-json\/wp\/v2\/pages\/12954","targetHints":{"allow":["GET"]}}],"collection":[{"href":"https:\/\/ridewithsiam.com\/en\/wp-json\/wp\/v2\/pages"}],"about":[{"href":"https:\/\/ridewithsiam.com\/en\/wp-json\/wp\/v2\/types\/page"}],"author":[{"embeddable":true,"href":"https:\/\/ridewithsiam.com\/en\/wp-json\/wp\/v2\/users\/1"}],"replies":[{"embeddable":true,"href":"https:\/\/ridewithsiam.com\/en\/wp-json\/wp\/v2\/comments?post=12954"}],"version-history":[{"count":4,"href":"https:\/\/ridewithsiam.com\/en\/wp-json\/wp\/v2\/pages\/12954\/revisions"}],"predecessor-version":[{"id":26679,"href":"https:\/\/ridewithsiam.com\/en\/wp-json\/wp\/v2\/pages\/12954\/revisions\/26679"}],"wp:attachment":[{"href":"https:\/\/ridewithsiam.com\/en\/wp-json\/wp\/v2\/media?parent=12954"}],"curies":[{"name":"wp","href":"https:\/\/api.w.org\/{rel}","templated":true}]}}